{"id":955,"date":"2025-12-03T13:55:40","date_gmt":"2025-12-03T13:55:40","guid":{"rendered":"https:\/\/sprintrace.com\/de-de\/?page_id=955"},"modified":"2026-01-15T16:25:38","modified_gmt":"2026-01-15T16:25:38","slug":"sprintrace-generelle-informationen","status":"publish","type":"page","link":"https:\/\/sprintrace.com\/de-de\/sprintrace-generelle-informationen\/","title":{"rendered":"SprintRace generelle Informationen"},"content":{"rendered":"<div class=\"wpb-content-wrapper\"><p>[vc_section full_width=&#8220;stretch_row_content&#8220; css=&#8220;.vc_custom_1764770401654{background-image: url(https:\/\/sprintrace.com\/de-de\/wp-content\/uploads\/sites\/2\/2025\/12\/2025-hockenheim-sprintrace.png?id=849) !important;background-position: center !important;background-repeat: no-repeat !important;background-size: cover !important;}&#8220;][vc_row][vc_column offset=&#8220;vc_hidden-sm vc_hidden-xs&#8220;][vc_empty_space height=&#8220;350px&#8220;][\/vc_column][\/vc_row][\/vc_section][vc_section full_width=&#8220;stretch_row_content&#8220; css=&#8220;.vc_custom_1764770408781{background-image: url(https:\/\/sprintrace.com\/de-de\/wp-content\/uploads\/sites\/2\/2025\/12\/2025-hockenheim-sprintrace.png?id=849) !important;background-position: center !important;background-repeat: no-repeat !important;background-size: cover !important;}&#8220;][vc_row][vc_column offset=&#8220;vc_hidden-lg vc_hidden-md&#8220;][vc_empty_space height=&#8220;150px&#8220;][\/vc_column][\/vc_row][\/vc_section][vc_section full_width=&#8220;stretch_row&#8220; section_bg_color=&#8220;bg-black&#8220; css=&#8220;.vc_custom_1738053615465{background-color: #0a0a0a !important;}&#8220;][vc_row][vc_column][vc_empty_space][vc_column_text css=&#8220;&#8220;]<\/p>\n<h1><span style=\"font-size: 36pt; color: #ffffff;\">Generelle Veranstaltungsinformationen<\/span><\/h1>\n<p>[\/vc_column_text][vc_column_text css=&#8220;&#8220;]<span class=\"gellix-font\" style=\"font-size: 14pt; color: #ffffff;\">Hier finden Sie alle wichtigen Details rund um Ihren Besuch &#8211; von empfohlenen Hotels \u00fcber Hinweise zur Anreise bis hin zu Informationen zur Verpflegung vor Ort. Unser Ziel ist es, Ihnen eine m\u00f6glichst angenehme und gut vorbereitete Teilnahme zu erm\u00f6glichen, damit Sie das Event in vollen Z\u00fcgen genie\u00dfen k\u00f6nnen.<\/span>[\/vc_column_text][vc_empty_space height=&#8220;20px&#8220;][\/vc_column][\/vc_row][\/vc_section][vc_section full_width=&#8220;stretch_row&#8220; section_bg_color=&#8220;bg-black&#8220;][vc_row][vc_column width=&#8220;1\/3&#8243;][vc_empty_space][vc_separator color=&#8220;custom&#8220; border_width=&#8220;5&#8243; css=&#8220;.vc_custom_1738054644000{padding-top: 20px !important;}&#8220; accent_color=&#8220;#cc0033&#8243;][vc_empty_space][\/vc_column][vc_column width=&#8220;1\/3&#8243;][vc_empty_space][vc_single_image image=&#8220;399&#8243; img_size=&#8220;75&#215;75&#8243; alignment=&#8220;center&#8220;][vc_empty_space][\/vc_column][vc_column width=&#8220;1\/3&#8243;][vc_empty_space][vc_separator color=&#8220;custom&#8220; border_width=&#8220;5&#8243; css=&#8220;.vc_custom_1738054651023{padding-top: 20px !important;}&#8220; accent_color=&#8220;#cc0033&#8243;][vc_empty_space][\/vc_column][\/vc_row][\/vc_section][vc_section full_width=&#8220;stretch_row&#8220; section_bg_color=&#8220;bg-black&#8220;][vc_row][vc_column][vc_column_text css=&#8220;&#8220;]<\/p>\n<h2><span class=\"gellix-font\" style=\"color: #ffffff;\">Tickets &amp; Preise<\/span><\/h2>\n<p>[\/vc_column_text][vc_column_text css=&#8220;&#8220;]<span class=\"gellix-font\" style=\"font-weight: 400; font-size: 14pt; color: #ffffff;\">Regul\u00e4r 349,- \u20ac\u200b<\/span><\/p>\n<p><span class=\"gellix-font\" style=\"font-weight: 400; font-size: 14pt; color: #ffffff;\">Assistenz &amp; Zahntechniker 299,- \u20ac \u200b<\/span><\/p>\n<p><span class=\"gellix-font\" style=\"font-weight: 400; font-size: 14pt; color: #ffffff;\">Early Bird (bis 31.01.2026) 249,- \u20ac\u200b<\/span><\/p>\n<p><span class=\"gellix-font\" style=\"font-weight: 400; font-size: 14pt; color: #ffffff;\">Workshop\u00a0 49,- \u20ac\u200b<\/span><\/p>\n<p><span class=\"gellix-font\" style=\"font-weight: 400; font-size: 14pt; color: #ffffff;\">Party 39,- \u20ac\u200b<\/span><\/p>\n<p><span class=\"gellix-font\" style=\"font-weight: 400; font-size: 14pt; color: #ffffff;\">Begleitung Party 39,- \u20ac\u200b<\/span><\/p>\n<p><span class=\"gellix-font\" style=\"font-size: 10pt; color: #ffffff;\"><i><span style=\"font-weight: 400;\"><br \/>\nTicketpreise verstehen sich zzgl. gesetzl. Mehrwertsteuer<\/span><\/i><\/span>[\/vc_column_text][\/vc_column][\/vc_row][\/vc_section][vc_section full_width=&#8220;stretch_row&#8220; section_bg_color=&#8220;bg-black&#8220;][vc_row][vc_column width=&#8220;1\/3&#8243;][vc_empty_space][vc_separator color=&#8220;custom&#8220; border_width=&#8220;5&#8243; css=&#8220;.vc_custom_1738054644000{padding-top: 20px !important;}&#8220; accent_color=&#8220;#cc0033&#8243;][vc_empty_space][\/vc_column][vc_column width=&#8220;1\/3&#8243;][vc_empty_space][vc_single_image image=&#8220;399&#8243; img_size=&#8220;75&#215;75&#8243; alignment=&#8220;center&#8220;][vc_empty_space][\/vc_column][vc_column width=&#8220;1\/3&#8243;][vc_empty_space][vc_separator color=&#8220;custom&#8220; border_width=&#8220;5&#8243; css=&#8220;.vc_custom_1738054651023{padding-top: 20px !important;}&#8220; accent_color=&#8220;#cc0033&#8243;][vc_empty_space][\/vc_column][\/vc_row][\/vc_section][vc_section full_width=&#8220;stretch_row&#8220; section_bg_color=&#8220;bg-black&#8220;][vc_row][vc_column][vc_column_text css=&#8220;&#8220;]<\/p>\n<h2><span class=\"gellix-font\" style=\"color: #ffffff;\">Fortbildungspunkte<\/span><\/h2>\n<p>[\/vc_column_text][\/vc_column][\/vc_row][vc_row][vc_column width=&#8220;2\/3&#8243;][vc_empty_space][vc_column_text css=&#8220;&#8220;]<\/p>\n<p><span class=\"gellix-font\" style=\"font-size: 14pt; color: #ffffff;\">F\u00fcr das SprintRace 2026 erhalten teilnehmende Zahn\u00e4rztinnen und Zahn\u00e4rzte bis zu 11 Fortbildungepunkte; aufgeteilt in 3 Fortbildungspunkte f\u00fcr die Teilnahme an einem Pre-Congress-Workshop sowie 8 Fortbildungspunkte f\u00fcr die Teilnahme am Symposium.<\/span>[\/vc_column_text][\/vc_column][vc_column width=&#8220;1\/3&#8243;][vc_column_text css=&#8220;&#8220;]<\/p>\n<p style=\"text-align: center; margin-bottom: 0;\"><span class=\"gellix-font\" style=\"font-size: 150px; line-height: 150px; color: #cc0033;\">11<\/span><\/p>\n<p>&nbsp;<\/p>\n<p style=\"text-align: center;\"><span class=\"gellix-font\">Fortbildungspunkte<\/span><\/p>\n<p>[\/vc_column_text][\/vc_column][\/vc_row][\/vc_section][vc_section full_width=&#8220;stretch_row&#8220; section_bg_color=&#8220;bg-black&#8220;][vc_row][vc_column width=&#8220;1\/3&#8243;][vc_empty_space][vc_separator color=&#8220;custom&#8220; border_width=&#8220;5&#8243; css=&#8220;.vc_custom_1738054644000{padding-top: 20px !important;}&#8220; accent_color=&#8220;#cc0033&#8243;][vc_empty_space][\/vc_column][vc_column width=&#8220;1\/3&#8243;][vc_empty_space][vc_single_image image=&#8220;399&#8243; img_size=&#8220;75&#215;75&#8243; alignment=&#8220;center&#8220;][vc_empty_space][\/vc_column][vc_column width=&#8220;1\/3&#8243;][vc_empty_space][vc_separator color=&#8220;custom&#8220; border_width=&#8220;5&#8243; css=&#8220;.vc_custom_1738054651023{padding-top: 20px !important;}&#8220; accent_color=&#8220;#cc0033&#8243;][vc_empty_space][\/vc_column][\/vc_row][\/vc_section][vc_section full_width=&#8220;stretch_row&#8220; section_bg_color=&#8220;bg-black&#8220;][vc_row][vc_column][vc_column_text css=&#8220;&#8220;]<\/p>\n<h2><span class=\"gellix-font\" style=\"color: #ffffff;\">Hotel-Empfehlungen<\/span><\/h2>\n<p>[\/vc_column_text][vc_column_text css=&#8220;&#8220;]<span style=\"color: #ffffff;\"><strong><span class=\"gellix-font\" style=\"font-size: 14pt;\">Offizielles Kongress-Hotel:<\/span><\/strong><\/span><\/p>\n<p><span class=\"gellix-font\" style=\"font-size: 14pt; color: #ffffff;\"><strong>Atlantic Hotel Heidelberg:<\/strong> Das Atlantic bietet allen Besuchern Sonderkonditionen f\u00fcr die \u00dcbernachtung.<\/span><br \/>\n<span class=\"gellix-font\" style=\"font-size: 14pt; color: #ffffff;\">Nutzen Sie unseren Buchungslink, um die SprintRace Sonderkonditionen zu erhalten. <\/span>[\/vc_column_text][dhsv_vc_button title=&#8220;Atlantic Hotel buchen&#8220; link=&#8220;url:https%3A%2F%2Fbuchen.atlantic-hotels.de%2F%3Fadult%3D1%26arrive%3D2026-04-17%26chain%3D19763%26child%3D0%26config%3DATLANTICgroups%26currency%3DEUR%26depart%3D2026-04-18%26group%3DSprintRace%26hotel%3D40589%26language%3Dde%26level%3Dhotel%26locale%3Dde-DE%26productcurrency%3DEUR%26rooms%3D1%26theme%3DATLANTICgroups|title:Atlantic%20Hotel%20buchen|target:_blank&#8220; alignment=&#8220;left&#8220;][vc_empty_space height=&#8220;15px&#8220; mobile_height=&#8220;5&#8243;][vc_column_text css=&#8220;&#8220;]<span class=\"gellix-font\" style=\"font-size: 14pt; color: #ffffff;\"><strong>Weitere Hotels<\/strong> in der Umgebung, die wir empfehlen:<\/span><br \/>\n<span class=\"gellix-font\" style=\"font-size: 14pt; color: #ffffff;\">Qube Hotel Bahnstadt : <a style=\"color: #ffffff;\" href=\"https:\/\/qube-hotel-heidelberg.de\/\">www.qube-hotel-heidelberg.de<\/a><\/span><br \/>\n<span class=\"gellix-font\" style=\"font-size: 14pt; color: #ffffff;\">Intercity Hotel Heidelberg : <a style=\"color: #ffffff;\" href=\"https:\/\/hrewards.com\/de\/intercityhotel-heidelberg\">www.intercityhotel-heidelberg.com<\/a><\/span><br \/>\n<span class=\"gellix-font\" style=\"font-size: 14pt; color: #ffffff;\">Staycity Aparthotels : <a style=\"color: #ffffff;\" href=\"https:\/\/www.staycity.com\/de\/heidelberg\">www.staycity.com<\/a><\/span>[\/vc_column_text][\/vc_column][\/vc_row][\/vc_section][vc_section full_width=&#8220;stretch_row&#8220; section_bg_color=&#8220;bg-black&#8220;][vc_row][vc_column width=&#8220;1\/3&#8243;][vc_empty_space][vc_separator color=&#8220;custom&#8220; border_width=&#8220;5&#8243; css=&#8220;.vc_custom_1738054644000{padding-top: 20px !important;}&#8220; accent_color=&#8220;#cc0033&#8243;][vc_empty_space][\/vc_column][vc_column width=&#8220;1\/3&#8243;][vc_empty_space][vc_single_image image=&#8220;399&#8243; img_size=&#8220;75&#215;75&#8243; alignment=&#8220;center&#8220;][vc_empty_space][\/vc_column][vc_column width=&#8220;1\/3&#8243;][vc_empty_space][vc_separator color=&#8220;custom&#8220; border_width=&#8220;5&#8243; css=&#8220;.vc_custom_1738054651023{padding-top: 20px !important;}&#8220; accent_color=&#8220;#cc0033&#8243;][vc_empty_space][\/vc_column][\/vc_row][\/vc_section][vc_section full_width=&#8220;stretch_row&#8220; section_bg_color=&#8220;bg-black&#8220;][vc_row][vc_column][vc_column_text css=&#8220;&#8220;]<\/p>\n<h2><span class=\"gellix-font\" style=\"color: #ffffff;\">Verpflegung<\/span><\/h2>\n<p>[\/vc_column_text][vc_column_text css=&#8220;&#8220;]<span class=\"gellix-font\" style=\"font-weight: 400; font-size: 14pt; color: #ffffff;\">Am Kongresstag werden Sie rundum versorgt. Getr\u00e4nke stehen Ihnen jederzeit zur Verf\u00fcgung. Au\u00dferdem reichen wir w\u00e4hrend der Pausen entsprechend:<\/span><\/p>\n<ul>\n<li style=\"font-weight: 400;\" aria-level=\"1\"><span class=\"gellix-font\" style=\"font-weight: 400; font-size: 14pt; color: #ffffff;\">Kaffee<\/span><\/li>\n<li style=\"font-weight: 400;\" aria-level=\"1\"><span class=\"gellix-font\" style=\"font-weight: 400; font-size: 14pt; color: #ffffff;\">Softdrinks<\/span><\/li>\n<li style=\"font-weight: 400;\" aria-level=\"1\"><span class=\"gellix-font\" style=\"font-weight: 400; font-size: 14pt; color: #ffffff;\">Mittagessen<\/span><\/li>\n<li style=\"font-weight: 400;\" aria-level=\"1\"><span class=\"gellix-font\" style=\"font-weight: 400; font-size: 14pt; color: #ffffff;\">Snacks w\u00e4hrend der Pausen<\/span><\/li>\n<li style=\"font-weight: 400;\" aria-level=\"1\"><span class=\"gellix-font\" style=\"font-weight: 400; font-size: 14pt; color: #ffffff;\">Getr\u00e4nke und Flying Buffet am Abend<\/span><\/li>\n<\/ul>\n<p>[\/vc_column_text][\/vc_column][\/vc_row][vc_row][vc_column][vc_empty_space height=&#8220;80px&#8220;][\/vc_column][\/vc_row][\/vc_section][vc_section full_width=&#8220;stretch_row&#8220; section_bg_color=&#8220;bg-black&#8220;][vc_row][vc_column width=&#8220;1\/3&#8243;][vc_empty_space][vc_separator color=&#8220;custom&#8220; border_width=&#8220;5&#8243; css=&#8220;.vc_custom_1738054644000{padding-top: 20px !important;}&#8220; accent_color=&#8220;#cc0033&#8243;][vc_empty_space][\/vc_column][vc_column width=&#8220;1\/3&#8243;][vc_empty_space][vc_single_image image=&#8220;399&#8243; img_size=&#8220;75&#215;75&#8243; alignment=&#8220;center&#8220;][vc_empty_space][\/vc_column][vc_column width=&#8220;1\/3&#8243;][vc_empty_space][vc_separator color=&#8220;custom&#8220; border_width=&#8220;5&#8243; css=&#8220;.vc_custom_1738054651023{padding-top: 20px !important;}&#8220; accent_color=&#8220;#cc0033&#8243;][vc_empty_space][\/vc_column][\/vc_row][\/vc_section][vc_section full_width=&#8220;stretch_row&#8220; section_bg_color=&#8220;bg-black&#8220;][vc_row][vc_column][vc_column_text css=&#8220;&#8220;]<\/p>\n<h2><span class=\"gellix-font\" style=\"color: #ffffff;\">Anreiseinformationen<\/span><\/h2>\n<p>[\/vc_column_text][vc_column_text css=&#8220;&#8220;]<span style=\"color: #ffffff; font-size: 14pt;\"><b>Vom Hotel zum Hockenheimring<\/b><\/span><br \/>\n<span style=\"color: #ffffff; font-size: 14pt;\"><span style=\"font-weight: 400;\">Ein Shuttle-Service bringt Teilnehmer:innen vom Hotel zur Kongresslocation.<\/span><span style=\"font-weight: 400;\"><br \/>\n<\/span><span style=\"font-weight: 400;\"> (Zeiten werden noch erg\u00e4nzt.)<\/span><\/span><br \/>\n<span style=\"color: #ffffff; font-size: 14pt;\"><b><br \/>\nDirektanreise<\/b><\/span><br \/>\n<span style=\"color: #ffffff; font-size: 14pt;\"><span style=\"font-weight: 400;\">F\u00fcr den Hauptkongresstag empfehlen wir die direkte Anreise mit dem Auto. <\/span><span style=\"font-weight: 400;\"><br \/>\n<\/span><span style=\"font-weight: 400;\">Vor Ort richten Sie sich bitte nach den Hinweisschildern (\u201cPorsche Experience Center\u201d)<\/span><\/span><\/p>\n<ul>\n<li><span style=\"color: #ffffff; font-size: 14pt;\"><span style=\"font-weight: 400;\">Parkpl\u00e4tze sind vorhanden<\/span><\/span><\/li>\n<li><span style=\"color: #ffffff; font-size: 14pt;\"><span style=\"font-weight: 400;\">Leichter Zugang zur Kongresslocation<\/span><\/span><\/li>\n<li><span style=\"color: #ffffff; font-size: 14pt;\"><span style=\"font-weight: 400;\">Beschilderte Wege &amp; klar definierte Check-in-Area<\/span><\/span><\/li>\n<\/ul>\n<p>[\/vc_column_text][\/vc_column][\/vc_row][vc_row][vc_column][vc_empty_space height=&#8220;80px&#8220;][\/vc_column][\/vc_row][\/vc_section][vc_section full_width=&#8220;stretch_row&#8220; section_bg_color=&#8220;bg-black&#8220;][vc_row][vc_column width=&#8220;1\/3&#8243;][vc_empty_space][vc_separator color=&#8220;custom&#8220; border_width=&#8220;5&#8243; css=&#8220;.vc_custom_1738054644000{padding-top: 20px !important;}&#8220; accent_color=&#8220;#cc0033&#8243;][vc_empty_space][\/vc_column][vc_column width=&#8220;1\/3&#8243;][vc_empty_space][vc_single_image image=&#8220;399&#8243; img_size=&#8220;75&#215;75&#8243; alignment=&#8220;center&#8220;][vc_empty_space][\/vc_column][vc_column width=&#8220;1\/3&#8243;][vc_empty_space][vc_separator color=&#8220;custom&#8220; border_width=&#8220;5&#8243; css=&#8220;.vc_custom_1738054651023{padding-top: 20px !important;}&#8220; accent_color=&#8220;#cc0033&#8243;][vc_empty_space][\/vc_column][\/vc_row][\/vc_section][vc_section full_width=&#8220;stretch_row&#8220; section_bg_color=&#8220;gradient&#8211;black-event&#8220;][vc_row][vc_column][vc_empty_space][vc_column_text css=&#8220;&#8220;]<\/p>\n<h2><span style=\"color: #ffffff;\">Highlights<\/span><\/h2>\n<p>[\/vc_column_text][vc_empty_space height=&#8220;50px&#8220;][\/vc_column][\/vc_row][vc_row][vc_column width=&#8220;1\/3&#8243;][dhsv_vc_sprintrace_teaserbox_square image=&#8220;748&#8243; headline=&#8220;Pre-Congress: 17.04.2026&#8243; link=&#8220;url:https%3A%2F%2Fsprintrace.com%2Fde-de%2Fworkshops-sprintrace%2F|title:Pre-Congress%3A%2017.04.2026&#8243;][\/vc_column][vc_column width=&#8220;1\/3&#8243;][dhsv_vc_sprintrace_teaserbox_square image=&#8220;749&#8243; headline=&#8220;SprintRace Party: 17.04.2026&#8243; link=&#8220;url:https%3A%2F%2Fsprintrace.com%2Fde-de%2Fsprintrace-party%2F|title:SprintRace%20Party%20am%20Hockenheimring&#8220;][\/vc_column][vc_column width=&#8220;1\/3&#8243;][dhsv_vc_sprintrace_teaserbox_square image=&#8220;750&#8243; headline=&#8220;Symposium: 18.04.2026&#8243; link=&#8220;url:https%3A%2F%2Fsprintrace.com%2Fde-de%2Fsprintrace-haupt-kongress%2F|title:Symposium%3A%2018.04.2026&#8243;][\/vc_column][\/vc_row][vc_row][vc_column][vc_empty_space height=&#8220;150px&#8220;][\/vc_column][\/vc_row][\/vc_section]<\/p>\n<\/div>","protected":false},"excerpt":{"rendered":"<p>[vc_section full_width=&#8220;stretch_row_content&#8220; css=&#8220;.vc_custom_1764770401654{background-image: url(https:\/\/sprintrace.com\/de-de\/wp-content\/uploads\/sites\/2\/2025\/12\/2025-hockenheim-sprintrace.png?id=849) !important;background-position: center !important;background-repeat: no-repeat !important;background-size: cover !important;}&#8220;][vc_row][vc_column offset=&#8220;vc_hidden-sm vc_hidden-xs&#8220;][vc_empty_space height=&#8220;350px&#8220;][\/vc_column][\/vc_row][\/vc_section][vc_section full_width=&#8220;stretch_row_content&#8220; css=&#8220;.vc_custom_1764770408781{background-image: url(https:\/\/sprintrace.com\/de-de\/wp-content\/uploads\/sites\/2\/2025\/12\/2025-hockenheim-sprintrace.png?id=849) !important;background-position: center !important;background-repeat: no-repeat !important;background-size: cover !important;}&#8220;][vc_row][vc_column offset=&#8220;vc_hidden-lg vc_hidden-md&#8220;][vc_empty_space height=&#8220;150px&#8220;][\/vc_column][\/vc_row][\/vc_section][vc_section full_width=&#8220;stretch_row&#8220; section_bg_color=&#8220;bg-black&#8220; css=&#8220;.vc_custom_1738053615465{background-color: #0a0a0a !important;}&#8220;][vc_row][vc_column][vc_empty_space][vc_column_text css=&#8220;&#8220;] Generelle Veranstaltungsinformationen [\/vc_column_text][vc_column_text css=&#8220;&#8220;]Hier finden Sie alle wichtigen Details rund um Ihren Besuch &#8211; von empfohlenen Hotels \u00fcber Hinweise zur Anreise bis &hellip; <a href=\"https:\/\/sprintrace.com\/de-de\/sprintrace-generelle-informationen\/\">Continued<\/a><\/p>\n","protected":false},"author":1,"featured_media":0,"parent":0,"menu_order":0,"comment_status":"closed","ping_status":"closed","template":"","meta":{"_acf_changed":false,"footnotes":""},"class_list":["post-955","page","type-page","status-publish","hentry"],"acf":[],"yoast_head":"<!-- This site is optimized with the Yoast SEO plugin v26.2 - https:\/\/yoast.com\/wordpress\/plugins\/seo\/ -->\n<title>SprintRace generelle Informationen - SprintRace DE<\/title>\n<meta name=\"robots\" content=\"index, follow, max-snippet:-1, max-image-preview:large, max-video-preview:-1\" \/>\n<link rel=\"canonical\" href=\"https:\/\/sprintrace.com\/de-de\/sprintrace-generelle-informationen\/\" \/>\n<meta property=\"og:locale\" content=\"de_DE\" \/>\n<meta property=\"og:type\" content=\"article\" \/>\n<meta property=\"og:title\" content=\"SprintRace generelle Informationen - SprintRace DE\" \/>\n<meta property=\"og:description\" content=\"[vc_section full_width=&#8220;stretch_row_content&#8220; css=&#8220;.vc_custom_1764770401654{background-image: url(https:\/\/sprintrace.com\/de-de\/wp-content\/uploads\/sites\/2\/2025\/12\/2025-hockenheim-sprintrace.png?id=849) !important;background-position: center !important;background-repeat: no-repeat !important;background-size: cover !important;}&#8220;][vc_row][vc_column offset=&#8220;vc_hidden-sm vc_hidden-xs&#8220;][vc_empty_space height=&#8220;350px&#8220;][\/vc_column][\/vc_row][\/vc_section][vc_section full_width=&#8220;stretch_row_content&#8220; css=&#8220;.vc_custom_1764770408781{background-image: url(https:\/\/sprintrace.com\/de-de\/wp-content\/uploads\/sites\/2\/2025\/12\/2025-hockenheim-sprintrace.png?id=849) !important;background-position: center !important;background-repeat: no-repeat !important;background-size: cover !important;}&#8220;][vc_row][vc_column offset=&#8220;vc_hidden-lg vc_hidden-md&#8220;][vc_empty_space height=&#8220;150px&#8220;][\/vc_column][\/vc_row][\/vc_section][vc_section full_width=&#8220;stretch_row&#8220; section_bg_color=&#8220;bg-black&#8220; css=&#8220;.vc_custom_1738053615465{background-color: #0a0a0a !important;}&#8220;][vc_row][vc_column][vc_empty_space][vc_column_text css=&#8220;&#8220;] Generelle Veranstaltungsinformationen [\/vc_column_text][vc_column_text css=&#8220;&#8220;]Hier finden Sie alle wichtigen Details rund um Ihren Besuch &#8211; von empfohlenen Hotels \u00fcber Hinweise zur Anreise bis &hellip; Continued\" \/>\n<meta property=\"og:url\" content=\"https:\/\/sprintrace.com\/de-de\/sprintrace-generelle-informationen\/\" \/>\n<meta property=\"og:site_name\" content=\"SprintRace DE\" \/>\n<meta property=\"article:modified_time\" content=\"2026-01-15T16:25:38+00:00\" \/>\n<meta name=\"twitter:card\" content=\"summary_large_image\" \/>\n<meta name=\"twitter:label1\" content=\"Gesch\u00e4tzte Lesezeit\" \/>\n\t<meta name=\"twitter:data1\" content=\"5\u00a0Minuten\" \/>\n<script type=\"application\/ld+json\" class=\"yoast-schema-graph\">{\"@context\":\"https:\/\/schema.org\",\"@graph\":[{\"@type\":\"WebPage\",\"@id\":\"https:\/\/sprintrace.com\/de-de\/sprintrace-generelle-informationen\/\",\"url\":\"https:\/\/sprintrace.com\/de-de\/sprintrace-generelle-informationen\/\",\"name\":\"SprintRace generelle Informationen - SprintRace DE\",\"isPartOf\":{\"@id\":\"https:\/\/sprintrace.es\/#website\"},\"datePublished\":\"2025-12-03T13:55:40+00:00\",\"dateModified\":\"2026-01-15T16:25:38+00:00\",\"breadcrumb\":{\"@id\":\"https:\/\/sprintrace.com\/de-de\/sprintrace-generelle-informationen\/#breadcrumb\"},\"inLanguage\":\"de\",\"potentialAction\":[{\"@type\":\"ReadAction\",\"target\":[\"https:\/\/sprintrace.com\/de-de\/sprintrace-generelle-informationen\/\"]}]},{\"@type\":\"BreadcrumbList\",\"@id\":\"https:\/\/sprintrace.com\/de-de\/sprintrace-generelle-informationen\/#breadcrumb\",\"itemListElement\":[{\"@type\":\"ListItem\",\"position\":1,\"name\":\"Home\",\"item\":\"https:\/\/sprintrace.com\/de-de\/\"},{\"@type\":\"ListItem\",\"position\":2,\"name\":\"SprintRace generelle Informationen\"}]},{\"@type\":\"WebSite\",\"@id\":\"https:\/\/sprintrace.es\/#website\",\"url\":\"https:\/\/sprintrace.es\/\",\"name\":\"SprintRace DE\",\"description\":\"\",\"potentialAction\":[{\"@type\":\"SearchAction\",\"target\":{\"@type\":\"EntryPoint\",\"urlTemplate\":\"https:\/\/sprintrace.es\/?s={search_term_string}\"},\"query-input\":{\"@type\":\"PropertyValueSpecification\",\"valueRequired\":true,\"valueName\":\"search_term_string\"}}],\"inLanguage\":\"de\"}]}<\/script>\n<!-- \/ Yoast SEO plugin. -->","yoast_head_json":{"title":"SprintRace generelle Informationen - SprintRace DE","robots":{"index":"index","follow":"follow","max-snippet":"max-snippet:-1","max-image-preview":"max-image-preview:large","max-video-preview":"max-video-preview:-1"},"canonical":"https:\/\/sprintrace.com\/de-de\/sprintrace-generelle-informationen\/","og_locale":"de_DE","og_type":"article","og_title":"SprintRace generelle Informationen - SprintRace DE","og_description":"[vc_section full_width=&#8220;stretch_row_content&#8220; css=&#8220;.vc_custom_1764770401654{background-image: url(https:\/\/sprintrace.com\/de-de\/wp-content\/uploads\/sites\/2\/2025\/12\/2025-hockenheim-sprintrace.png?id=849) !important;background-position: center !important;background-repeat: no-repeat !important;background-size: cover !important;}&#8220;][vc_row][vc_column offset=&#8220;vc_hidden-sm vc_hidden-xs&#8220;][vc_empty_space height=&#8220;350px&#8220;][\/vc_column][\/vc_row][\/vc_section][vc_section full_width=&#8220;stretch_row_content&#8220; css=&#8220;.vc_custom_1764770408781{background-image: url(https:\/\/sprintrace.com\/de-de\/wp-content\/uploads\/sites\/2\/2025\/12\/2025-hockenheim-sprintrace.png?id=849) !important;background-position: center !important;background-repeat: no-repeat !important;background-size: cover !important;}&#8220;][vc_row][vc_column offset=&#8220;vc_hidden-lg vc_hidden-md&#8220;][vc_empty_space height=&#8220;150px&#8220;][\/vc_column][\/vc_row][\/vc_section][vc_section full_width=&#8220;stretch_row&#8220; section_bg_color=&#8220;bg-black&#8220; css=&#8220;.vc_custom_1738053615465{background-color: #0a0a0a !important;}&#8220;][vc_row][vc_column][vc_empty_space][vc_column_text css=&#8220;&#8220;] Generelle Veranstaltungsinformationen [\/vc_column_text][vc_column_text css=&#8220;&#8220;]Hier finden Sie alle wichtigen Details rund um Ihren Besuch &#8211; von empfohlenen Hotels \u00fcber Hinweise zur Anreise bis &hellip; Continued","og_url":"https:\/\/sprintrace.com\/de-de\/sprintrace-generelle-informationen\/","og_site_name":"SprintRace DE","article_modified_time":"2026-01-15T16:25:38+00:00","twitter_card":"summary_large_image","twitter_misc":{"Gesch\u00e4tzte Lesezeit":"5\u00a0Minuten"},"schema":{"@context":"https:\/\/schema.org","@graph":[{"@type":"WebPage","@id":"https:\/\/sprintrace.com\/de-de\/sprintrace-generelle-informationen\/","url":"https:\/\/sprintrace.com\/de-de\/sprintrace-generelle-informationen\/","name":"SprintRace generelle Informationen - SprintRace DE","isPartOf":{"@id":"https:\/\/sprintrace.es\/#website"},"datePublished":"2025-12-03T13:55:40+00:00","dateModified":"2026-01-15T16:25:38+00:00","breadcrumb":{"@id":"https:\/\/sprintrace.com\/de-de\/sprintrace-generelle-informationen\/#breadcrumb"},"inLanguage":"de","potentialAction":[{"@type":"ReadAction","target":["https:\/\/sprintrace.com\/de-de\/sprintrace-generelle-informationen\/"]}]},{"@type":"BreadcrumbList","@id":"https:\/\/sprintrace.com\/de-de\/sprintrace-generelle-informationen\/#breadcrumb","itemListElement":[{"@type":"ListItem","position":1,"name":"Home","item":"https:\/\/sprintrace.com\/de-de\/"},{"@type":"ListItem","position":2,"name":"SprintRace generelle Informationen"}]},{"@type":"WebSite","@id":"https:\/\/sprintrace.es\/#website","url":"https:\/\/sprintrace.es\/","name":"SprintRace DE","description":"","potentialAction":[{"@type":"SearchAction","target":{"@type":"EntryPoint","urlTemplate":"https:\/\/sprintrace.es\/?s={search_term_string}"},"query-input":{"@type":"PropertyValueSpecification","valueRequired":true,"valueName":"search_term_string"}}],"inLanguage":"de"}]}},"_links":{"self":[{"href":"https:\/\/sprintrace.com\/de-de\/wp-json\/wp\/v2\/pages\/955","targetHints":{"allow":["GET"]}}],"collection":[{"href":"https:\/\/sprintrace.com\/de-de\/wp-json\/wp\/v2\/pages"}],"about":[{"href":"https:\/\/sprintrace.com\/de-de\/wp-json\/wp\/v2\/types\/page"}],"author":[{"embeddable":true,"href":"https:\/\/sprintrace.com\/de-de\/wp-json\/wp\/v2\/users\/1"}],"replies":[{"embeddable":true,"href":"https:\/\/sprintrace.com\/de-de\/wp-json\/wp\/v2\/comments?post=955"}],"version-history":[{"count":24,"href":"https:\/\/sprintrace.com\/de-de\/wp-json\/wp\/v2\/pages\/955\/revisions"}],"predecessor-version":[{"id":1113,"href":"https:\/\/sprintrace.com\/de-de\/wp-json\/wp\/v2\/pages\/955\/revisions\/1113"}],"wp:attachment":[{"href":"https:\/\/sprintrace.com\/de-de\/wp-json\/wp\/v2\/media?parent=955"}],"curies":[{"name":"wp","href":"https:\/\/api.w.org\/{rel}","templated":true}]}}