{"id":28,"date":"2025-01-20T12:32:40","date_gmt":"2025-01-20T12:32:40","guid":{"rendered":"https:\/\/sre008.staging.360vier.net\/?page_id=28"},"modified":"2025-12-03T23:41:19","modified_gmt":"2025-12-03T23:41:19","slug":"sprintrace-party","status":"publish","type":"page","link":"https:\/\/sprintrace.com\/de-de\/sprintrace-party\/","title":{"rendered":"17.04.2026 SprintRace Party am Hockenheimring"},"content":{"rendered":"<div class=\"wpb-content-wrapper\"><p>[vc_section full_width=&#8220;stretch_row_content&#8220; css=&#8220;.vc_custom_1764665658942{background-image: url(https:\/\/sprintrace.com\/de-de\/wp-content\/uploads\/sites\/2\/2025\/12\/sprintrace-party-2025-3.png?id=854) !important;background-position: center !important;background-repeat: no-repeat !important;background-size: cover !important;}&#8220;][vc_row][vc_column offset=&#8220;vc_hidden-sm vc_hidden-xs&#8220;][vc_empty_space height=&#8220;350px&#8220;][\/vc_column][\/vc_row][\/vc_section][vc_section full_width=&#8220;stretch_row_content&#8220; css=&#8220;.vc_custom_1764665711290{background-image: url(https:\/\/sprintrace.com\/de-de\/wp-content\/uploads\/sites\/2\/2025\/12\/sprintrace-party-2025-3.png?id=854) !important;background-position: center !important;background-repeat: no-repeat !important;background-size: cover !important;}&#8220;][vc_row][vc_column offset=&#8220;vc_hidden-lg vc_hidden-md&#8220;][vc_empty_space height=&#8220;150px&#8220;][\/vc_column][\/vc_row][\/vc_section][vc_section full_width=&#8220;stretch_row&#8220; section_bg_color=&#8220;bg-black&#8220; css=&#8220;.vc_custom_1738053615465{background-color: #0a0a0a !important;}&#8220;][vc_row][vc_column offset=&#8220;vc_hidden-md vc_hidden-sm vc_hidden-xs&#8220;][vc_empty_space][vc_column_text css=&#8220;&#8220;]<\/p>\n<h1 class=\"h1l\"><span class=\"gellix-font\" style=\"font-size: 36pt; color: #ffffff;\">SprintRace Welcome Party<\/span><\/h1>\n<p>[\/vc_column_text][vc_column_text css=&#8220;&#8220;]<span style=\"color: #ffffff; font-size: 16pt;\"><strong>Ort:<\/strong> Porsche Experience Center (Hockenheimring)<br \/>\n<\/span>[\/vc_column_text][vc_empty_space height=&#8220;20px&#8220;][\/vc_column][\/vc_row][vc_row][vc_column offset=&#8220;vc_hidden-lg&#8220;][vc_empty_space][vc_column_text css=&#8220;&#8220;]<\/p>\n<h1 class=\"h1l\"><span class=\"gellix-font\" style=\"font-size: 24pt; color: #ffffff;\">SprintRace Welcome Party<\/span><\/h1>\n<p>[\/vc_column_text][vc_column_text css=&#8220;&#8220;]<span style=\"color: #ffffff; font-size: 14pt;\"><strong>Ort:<\/strong> Porsche Experience Center (Hockenheimring)<br \/>\n<\/span>[\/vc_column_text][vc_empty_space height=&#8220;20px&#8220;][\/vc_column][\/vc_row][\/vc_section][vc_section full_width=&#8220;stretch_row&#8220; section_bg_color=&#8220;bg-black&#8220;][vc_row][vc_column width=&#8220;1\/3&#8243; offset=&#8220;vc_hidden-md vc_hidden-sm vc_hidden-xs&#8220;][vc_empty_space][vc_separator color=&#8220;custom&#8220; border_width=&#8220;5&#8243; css=&#8220;.vc_custom_1738054644000{padding-top: 20px !important;}&#8220; accent_color=&#8220;#cc0033&#8243;][vc_empty_space][\/vc_column][vc_column width=&#8220;1\/3&#8243; offset=&#8220;vc_hidden-md vc_hidden-sm vc_hidden-xs&#8220;][vc_empty_space][vc_single_image image=&#8220;399&#8243; img_size=&#8220;75&#215;75&#8243; alignment=&#8220;center&#8220;][vc_empty_space][\/vc_column][vc_column width=&#8220;1\/3&#8243; offset=&#8220;vc_hidden-md vc_hidden-sm vc_hidden-xs&#8220;][vc_empty_space][vc_separator color=&#8220;custom&#8220; border_width=&#8220;5&#8243; css=&#8220;.vc_custom_1738054651023{padding-top: 20px !important;}&#8220; accent_color=&#8220;#cc0033&#8243;][vc_empty_space][\/vc_column][\/vc_row][\/vc_section][vc_row full_width=&#8220;stretch_row_content&#8220; css=&#8220;.vc_custom_1764778795339{background-color: #000000 !important;}&#8220;][vc_column offset=&#8220;vc_hidden-lg&#8220;][vc_single_image image=&#8220;862&#8243; img_size=&#8220;full&#8220;][vc_empty_space][\/vc_column][\/vc_row][vc_section full_width=&#8220;stretch_row&#8220; section_bg_color=&#8220;bg-black&#8220;][vc_row][vc_column][vc_column_text css=&#8220;&#8220;]<span class=\"gellix-font\" style=\"font-size: 14pt; color: #ffffff;\">Ein Abend voller Networking, Musik, Essen &amp; Drinks \u2013 eingebettet in echte Rennstrecken-Atmosph\u00e4re.<br \/>\nUnd das Beste: F\u00fcr Sie wird Motorsport zum Erlebnis. Vor Ort erwarten Sie beeindruckende echte Rennwagen, und je nach Tagesbetrieb k\u00f6nnen drau\u00dfen auf dem Hockenheimring sogar Live-Fahrten stattfinden, die das \u201eRace-Feeling\u201c unmittelbar sp\u00fcrbar machen.<\/span><\/p>\n<p><span class=\"gellix-font\" style=\"font-size: 14pt; color: #ffffff;\">In der Indoor Experience Area stehen Ihnen professionelle Fahrsimulatoren f\u00fcr virtuelle Hot-Laps sowie eine Carrera-Bahn f\u00fcr spannende Mini-Rennen zur Verf\u00fcgung \u2013 perfekt f\u00fcr gemeinsames Spielen, Lachen und Wettkampf-Feeling.<\/span><\/p>\n<p><span class=\"gellix-font\" style=\"font-size: 14pt; color: #ffffff;\">Ein besonderes Highlight des Abends ist unsere SprintRace Tombola:<\/span><br aria-hidden=\"true\" \/><span class=\"gellix-font\" style=\"font-size: 14pt; color: #ffffff;\">Wir verlosen unter allen Partyg\u00e4sten einen exklusiven Taxi-Drive mit professionellem Rennfahrer:\u00a0Eine\u00a0Highspeed-Fahrt auf dem Hockenheimring am folgenden Tag.<\/span>[\/vc_column_text][\/vc_column][\/vc_row][vc_row][vc_column][dhsv_vc_button title=&#8220;Jetzt anmelden&#8220; link=&#8220;url:https%3A%2F%2Fsprintrace.com%2Fde-de%2Fregistrierung%2F|title:Registrierung%20zum%20SprintRace%202026%20in%20Deutschland&#8220; large=&#8220;btn-large&#8220;][vc_empty_space][\/vc_column][\/vc_row][vc_row][vc_column offset=&#8220;vc_hidden-md vc_hidden-sm vc_hidden-xs&#8220;][vc_single_image image=&#8220;862&#8243; img_size=&#8220;full&#8220;][\/vc_column][\/vc_row][\/vc_section]<\/p>\n<\/div>","protected":false},"excerpt":{"rendered":"<p>[vc_section full_width=&#8220;stretch_row_content&#8220; css=&#8220;.vc_custom_1764665658942{background-image: url(https:\/\/sprintrace.com\/de-de\/wp-content\/uploads\/sites\/2\/2025\/12\/sprintrace-party-2025-3.png?id=854) !important;background-position: center !important;background-repeat: no-repeat !important;background-size: cover !important;}&#8220;][vc_row][vc_column offset=&#8220;vc_hidden-sm vc_hidden-xs&#8220;][vc_empty_space height=&#8220;350px&#8220;][\/vc_column][\/vc_row][\/vc_section][vc_section full_width=&#8220;stretch_row_content&#8220; css=&#8220;.vc_custom_1764665711290{background-image: url(https:\/\/sprintrace.com\/de-de\/wp-content\/uploads\/sites\/2\/2025\/12\/sprintrace-party-2025-3.png?id=854) !important;background-position: center !important;background-repeat: no-repeat !important;background-size: cover !important;}&#8220;][vc_row][vc_column offset=&#8220;vc_hidden-lg vc_hidden-md&#8220;][vc_empty_space height=&#8220;150px&#8220;][\/vc_column][\/vc_row][\/vc_section][vc_section full_width=&#8220;stretch_row&#8220; section_bg_color=&#8220;bg-black&#8220; css=&#8220;.vc_custom_1738053615465{background-color: #0a0a0a !important;}&#8220;][vc_row][vc_column offset=&#8220;vc_hidden-md vc_hidden-sm vc_hidden-xs&#8220;][vc_empty_space][vc_column_text css=&#8220;&#8220;] SprintRace Welcome Party [\/vc_column_text][vc_column_text css=&#8220;&#8220;]Ort: Porsche Experience Center (Hockenheimring) [\/vc_column_text][vc_empty_space height=&#8220;20px&#8220;][\/vc_column][\/vc_row][vc_row][vc_column offset=&#8220;vc_hidden-lg&#8220;][vc_empty_space][vc_column_text css=&#8220;&#8220;] SprintRace Welcome Party [\/vc_column_text][vc_column_text css=&#8220;&#8220;]Ort: Porsche &hellip; <a href=\"https:\/\/sprintrace.com\/de-de\/sprintrace-party\/\">Continued<\/a><\/p>\n","protected":false},"author":1,"featured_media":0,"parent":0,"menu_order":0,"comment_status":"closed","ping_status":"closed","template":"","meta":{"_acf_changed":false,"footnotes":""},"class_list":["post-28","page","type-page","status-publish","hentry"],"acf":[],"yoast_head":"<!-- This site is optimized with the Yoast SEO plugin v26.2 - https:\/\/yoast.com\/wordpress\/plugins\/seo\/ -->\n<title>17.04.2026 SprintRace Party am Hockenheimring - SprintRace DE<\/title>\n<meta name=\"robots\" content=\"index, follow, max-snippet:-1, max-image-preview:large, max-video-preview:-1\" \/>\n<link rel=\"canonical\" href=\"https:\/\/sprintrace.com\/de-de\/sprintrace-party\/\" \/>\n<meta property=\"og:locale\" content=\"de_DE\" \/>\n<meta property=\"og:type\" content=\"article\" \/>\n<meta property=\"og:title\" content=\"17.04.2026 SprintRace Party am Hockenheimring - SprintRace DE\" \/>\n<meta property=\"og:description\" content=\"[vc_section full_width=&#8220;stretch_row_content&#8220; css=&#8220;.vc_custom_1764665658942{background-image: url(https:\/\/sprintrace.com\/de-de\/wp-content\/uploads\/sites\/2\/2025\/12\/sprintrace-party-2025-3.png?id=854) !important;background-position: center !important;background-repeat: no-repeat !important;background-size: cover !important;}&#8220;][vc_row][vc_column offset=&#8220;vc_hidden-sm vc_hidden-xs&#8220;][vc_empty_space height=&#8220;350px&#8220;][\/vc_column][\/vc_row][\/vc_section][vc_section full_width=&#8220;stretch_row_content&#8220; css=&#8220;.vc_custom_1764665711290{background-image: url(https:\/\/sprintrace.com\/de-de\/wp-content\/uploads\/sites\/2\/2025\/12\/sprintrace-party-2025-3.png?id=854) !important;background-position: center !important;background-repeat: no-repeat !important;background-size: cover !important;}&#8220;][vc_row][vc_column offset=&#8220;vc_hidden-lg vc_hidden-md&#8220;][vc_empty_space height=&#8220;150px&#8220;][\/vc_column][\/vc_row][\/vc_section][vc_section full_width=&#8220;stretch_row&#8220; section_bg_color=&#8220;bg-black&#8220; css=&#8220;.vc_custom_1738053615465{background-color: #0a0a0a !important;}&#8220;][vc_row][vc_column offset=&#8220;vc_hidden-md vc_hidden-sm vc_hidden-xs&#8220;][vc_empty_space][vc_column_text css=&#8220;&#8220;] SprintRace Welcome Party [\/vc_column_text][vc_column_text css=&#8220;&#8220;]Ort: Porsche Experience Center (Hockenheimring) [\/vc_column_text][vc_empty_space height=&#8220;20px&#8220;][\/vc_column][\/vc_row][vc_row][vc_column offset=&#8220;vc_hidden-lg&#8220;][vc_empty_space][vc_column_text css=&#8220;&#8220;] SprintRace Welcome Party [\/vc_column_text][vc_column_text css=&#8220;&#8220;]Ort: Porsche &hellip; Continued\" \/>\n<meta property=\"og:url\" content=\"https:\/\/sprintrace.com\/de-de\/sprintrace-party\/\" \/>\n<meta property=\"og:site_name\" content=\"SprintRace DE\" \/>\n<meta property=\"article:modified_time\" content=\"2025-12-03T23:41:19+00:00\" \/>\n<meta name=\"twitter:card\" content=\"summary_large_image\" \/>\n<meta name=\"twitter:label1\" content=\"Gesch\u00e4tzte Lesezeit\" \/>\n\t<meta name=\"twitter:data1\" content=\"2\u00a0Minuten\" \/>\n<script type=\"application\/ld+json\" class=\"yoast-schema-graph\">{\"@context\":\"https:\/\/schema.org\",\"@graph\":[{\"@type\":\"WebPage\",\"@id\":\"https:\/\/sprintrace.com\/de-de\/sprintrace-party\/\",\"url\":\"https:\/\/sprintrace.com\/de-de\/sprintrace-party\/\",\"name\":\"17.04.2026 SprintRace Party am Hockenheimring - SprintRace DE\",\"isPartOf\":{\"@id\":\"https:\/\/sprintrace.es\/#website\"},\"datePublished\":\"2025-01-20T12:32:40+00:00\",\"dateModified\":\"2025-12-03T23:41:19+00:00\",\"breadcrumb\":{\"@id\":\"https:\/\/sprintrace.com\/de-de\/sprintrace-party\/#breadcrumb\"},\"inLanguage\":\"de\",\"potentialAction\":[{\"@type\":\"ReadAction\",\"target\":[\"https:\/\/sprintrace.com\/de-de\/sprintrace-party\/\"]}]},{\"@type\":\"BreadcrumbList\",\"@id\":\"https:\/\/sprintrace.com\/de-de\/sprintrace-party\/#breadcrumb\",\"itemListElement\":[{\"@type\":\"ListItem\",\"position\":1,\"name\":\"Home\",\"item\":\"https:\/\/sprintrace.com\/de-de\/\"},{\"@type\":\"ListItem\",\"position\":2,\"name\":\"17.04.2026 SprintRace Party am Hockenheimring\"}]},{\"@type\":\"WebSite\",\"@id\":\"https:\/\/sprintrace.es\/#website\",\"url\":\"https:\/\/sprintrace.es\/\",\"name\":\"SprintRace DE\",\"description\":\"\",\"potentialAction\":[{\"@type\":\"SearchAction\",\"target\":{\"@type\":\"EntryPoint\",\"urlTemplate\":\"https:\/\/sprintrace.es\/?s={search_term_string}\"},\"query-input\":{\"@type\":\"PropertyValueSpecification\",\"valueRequired\":true,\"valueName\":\"search_term_string\"}}],\"inLanguage\":\"de\"}]}<\/script>\n<!-- \/ Yoast SEO plugin. -->","yoast_head_json":{"title":"17.04.2026 SprintRace Party am Hockenheimring - SprintRace DE","robots":{"index":"index","follow":"follow","max-snippet":"max-snippet:-1","max-image-preview":"max-image-preview:large","max-video-preview":"max-video-preview:-1"},"canonical":"https:\/\/sprintrace.com\/de-de\/sprintrace-party\/","og_locale":"de_DE","og_type":"article","og_title":"17.04.2026 SprintRace Party am Hockenheimring - SprintRace DE","og_description":"[vc_section full_width=&#8220;stretch_row_content&#8220; css=&#8220;.vc_custom_1764665658942{background-image: url(https:\/\/sprintrace.com\/de-de\/wp-content\/uploads\/sites\/2\/2025\/12\/sprintrace-party-2025-3.png?id=854) !important;background-position: center !important;background-repeat: no-repeat !important;background-size: cover !important;}&#8220;][vc_row][vc_column offset=&#8220;vc_hidden-sm vc_hidden-xs&#8220;][vc_empty_space height=&#8220;350px&#8220;][\/vc_column][\/vc_row][\/vc_section][vc_section full_width=&#8220;stretch_row_content&#8220; css=&#8220;.vc_custom_1764665711290{background-image: url(https:\/\/sprintrace.com\/de-de\/wp-content\/uploads\/sites\/2\/2025\/12\/sprintrace-party-2025-3.png?id=854) !important;background-position: center !important;background-repeat: no-repeat !important;background-size: cover !important;}&#8220;][vc_row][vc_column offset=&#8220;vc_hidden-lg vc_hidden-md&#8220;][vc_empty_space height=&#8220;150px&#8220;][\/vc_column][\/vc_row][\/vc_section][vc_section full_width=&#8220;stretch_row&#8220; section_bg_color=&#8220;bg-black&#8220; css=&#8220;.vc_custom_1738053615465{background-color: #0a0a0a !important;}&#8220;][vc_row][vc_column offset=&#8220;vc_hidden-md vc_hidden-sm vc_hidden-xs&#8220;][vc_empty_space][vc_column_text css=&#8220;&#8220;] SprintRace Welcome Party [\/vc_column_text][vc_column_text css=&#8220;&#8220;]Ort: Porsche Experience Center (Hockenheimring) [\/vc_column_text][vc_empty_space height=&#8220;20px&#8220;][\/vc_column][\/vc_row][vc_row][vc_column offset=&#8220;vc_hidden-lg&#8220;][vc_empty_space][vc_column_text css=&#8220;&#8220;] SprintRace Welcome Party [\/vc_column_text][vc_column_text css=&#8220;&#8220;]Ort: Porsche &hellip; Continued","og_url":"https:\/\/sprintrace.com\/de-de\/sprintrace-party\/","og_site_name":"SprintRace DE","article_modified_time":"2025-12-03T23:41:19+00:00","twitter_card":"summary_large_image","twitter_misc":{"Gesch\u00e4tzte Lesezeit":"2\u00a0Minuten"},"schema":{"@context":"https:\/\/schema.org","@graph":[{"@type":"WebPage","@id":"https:\/\/sprintrace.com\/de-de\/sprintrace-party\/","url":"https:\/\/sprintrace.com\/de-de\/sprintrace-party\/","name":"17.04.2026 SprintRace Party am Hockenheimring - SprintRace DE","isPartOf":{"@id":"https:\/\/sprintrace.es\/#website"},"datePublished":"2025-01-20T12:32:40+00:00","dateModified":"2025-12-03T23:41:19+00:00","breadcrumb":{"@id":"https:\/\/sprintrace.com\/de-de\/sprintrace-party\/#breadcrumb"},"inLanguage":"de","potentialAction":[{"@type":"ReadAction","target":["https:\/\/sprintrace.com\/de-de\/sprintrace-party\/"]}]},{"@type":"BreadcrumbList","@id":"https:\/\/sprintrace.com\/de-de\/sprintrace-party\/#breadcrumb","itemListElement":[{"@type":"ListItem","position":1,"name":"Home","item":"https:\/\/sprintrace.com\/de-de\/"},{"@type":"ListItem","position":2,"name":"17.04.2026 SprintRace Party am Hockenheimring"}]},{"@type":"WebSite","@id":"https:\/\/sprintrace.es\/#website","url":"https:\/\/sprintrace.es\/","name":"SprintRace DE","description":"","potentialAction":[{"@type":"SearchAction","target":{"@type":"EntryPoint","urlTemplate":"https:\/\/sprintrace.es\/?s={search_term_string}"},"query-input":{"@type":"PropertyValueSpecification","valueRequired":true,"valueName":"search_term_string"}}],"inLanguage":"de"}]}},"_links":{"self":[{"href":"https:\/\/sprintrace.com\/de-de\/wp-json\/wp\/v2\/pages\/28","targetHints":{"allow":["GET"]}}],"collection":[{"href":"https:\/\/sprintrace.com\/de-de\/wp-json\/wp\/v2\/pages"}],"about":[{"href":"https:\/\/sprintrace.com\/de-de\/wp-json\/wp\/v2\/types\/page"}],"author":[{"embeddable":true,"href":"https:\/\/sprintrace.com\/de-de\/wp-json\/wp\/v2\/users\/1"}],"replies":[{"embeddable":true,"href":"https:\/\/sprintrace.com\/de-de\/wp-json\/wp\/v2\/comments?post=28"}],"version-history":[{"count":78,"href":"https:\/\/sprintrace.com\/de-de\/wp-json\/wp\/v2\/pages\/28\/revisions"}],"predecessor-version":[{"id":991,"href":"https:\/\/sprintrace.com\/de-de\/wp-json\/wp\/v2\/pages\/28\/revisions\/991"}],"wp:attachment":[{"href":"https:\/\/sprintrace.com\/de-de\/wp-json\/wp\/v2\/media?parent=28"}],"curies":[{"name":"wp","href":"https:\/\/api.w.org\/{rel}","templated":true}]}}