{"id":1233,"date":"2026-04-30T09:12:38","date_gmt":"2026-04-30T09:12:38","guid":{"rendered":"https:\/\/sprintrace.com\/de-de\/?page_id=1233"},"modified":"2026-04-30T10:03:17","modified_gmt":"2026-04-30T10:03:17","slug":"sprintrace-2026-vielen-dank","status":"publish","type":"page","link":"https:\/\/sprintrace.com\/de-de\/","title":{"rendered":"SprintRace 2026 Vielen Dank!"},"content":{"rendered":"<div class=\"wpb-content-wrapper\"><p>[vc_section full_width=&#8220;stretch_row&#8220; css=&#8220;.vc_custom_1777542639732{background: #0a0a0a url(https:\/\/sprintrace.com\/de-de\/wp-content\/uploads\/sites\/2\/2025\/11\/hockenheimring.png?id=784) !important;background-position: center !important;background-repeat: no-repeat !important;background-size: cover !important;}&#8220;][vc_row][vc_column width=&#8220;1\/2&#8243;][vc_empty_space height=&#8220;547px&#8220; mobile_height=&#8220;250px&#8220; tablet_height=&#8220;450px&#8220;][\/vc_column][vc_column width=&#8220;1\/2&#8243; offset=&#8220;vc_hidden-sm vc_hidden-xs&#8220;][\/vc_column][\/vc_row][\/vc_section][vc_section full_width=&#8220;stretch_row&#8220; section_bg_color=&#8220;section-bg-year-number&#8220; section_year_number=&#8220;2026&#8243; css=&#8220;.vc_custom_1772826041248{background-color: #000000 !important;}&#8220;][vc_row][vc_column width=&#8220;7\/12&#8243;][vc_empty_space height=&#8220;210px&#8220;][vc_column_text css=&#8220;&#8220;]<\/p>\n<h2><span style=\"color: #ffffff;\">Vielen Dank, dass Sie SprintRace 2026 zu einem au\u00dfergew\u00f6hnlichen Event gemacht haben.<\/span><\/h2>\n<p>[\/vc_column_text][vc_column_text css=&#8220;&#8220;]<span style=\"color: #ffffff;\">Es war uns eine gro\u00dfe Freude, so viele Fachleute, Partner und Freunde der SprintRay-Community zu einem Tag begr\u00fc\u00dfen zu d\u00fcrfen, der ganz im Zeichen von Innovation, Weiterbildung und Austausch in der Welt der digitalen Zahnmedizin stand.<\/span><\/p>\n<p><span style=\"color: #ffffff;\">Ein herzliches Dankesch\u00f6n an alle Teilnehmenden f\u00fcr die Energie, die Begeisterung und die inspirierenden Gespr\u00e4che, die dieses Event zu etwas ganz Besonderem gemacht haben.<\/span><\/p>\n<p><span style=\"color: #ffffff;\">Au\u00dferdem m\u00f6chten wir uns von Herzen bei all unseren Partnern bedanken, die zum Erfolg von SprintRace 2026 beigetragen haben. Ohne Ihre Unterst\u00fctzung, Ihre Zusammenarbeit und Ihr Vertrauen w\u00e4re dieses Event nicht m\u00f6glich gewesen.<\/span><\/p>\n<p><span style=\"color: #ffffff;\">Wir freuen uns darauf, Sie bei der n\u00e4chsten Ausgabe wiederzusehen.<\/span>[\/vc_column_text][vc_empty_space height=&#8220;130px&#8220;][\/vc_column][vc_column width=&#8220;5\/12&#8243;][\/vc_column][\/vc_row][\/vc_section][vc_section full_width=&#8220;stretch_row&#8220; section_bg_color=&#8220;black-red-stripes-bottom-left&#8220;][vc_row][vc_column][vc_empty_space height=&#8220;50px&#8220;][vc_column_text css=&#8220;&#8220;]<\/p>\n<h2><span style=\"color: #ffffff;\">R\u00fcckblick 2026<\/span><\/h2>\n<p>[\/vc_column_text][vc_empty_space height=&#8220;30px&#8220;][dhsv_vc_sprintrace_image_slider slides=&#8220;%5B%7B%22image%22%3A%221239%22%7D%2C%7B%22image%22%3A%221240%22%7D%2C%7B%22image%22%3A%221241%22%7D%2C%7B%22image%22%3A%221242%22%7D%2C%7B%22image%22%3A%221243%22%7D%2C%7B%22image%22%3A%221244%22%7D%2C%7B%22image%22%3A%221245%22%7D%2C%7B%22image%22%3A%221246%22%7D%2C%7B%22image%22%3A%221247%22%7D%2C%7B%22image%22%3A%221248%22%7D%2C%7B%22image%22%3A%221249%22%7D%2C%7B%22image%22%3A%221250%22%7D%2C%7B%22image%22%3A%221251%22%7D%2C%7B%22image%22%3A%221252%22%7D%2C%7B%22image%22%3A%221253%22%7D%2C%7B%22image%22%3A%221255%22%7D%2C%7B%22image%22%3A%221256%22%7D%2C%7B%22image%22%3A%221257%22%7D%2C%7B%22image%22%3A%221265%22%7D%2C%7B%22image%22%3A%221266%22%7D%2C%7B%22image%22%3A%221267%22%7D%2C%7B%22image%22%3A%221268%22%7D%2C%7B%22image%22%3A%221269%22%7D%2C%7B%22image%22%3A%221270%22%7D%2C%7B%22image%22%3A%221271%22%7D%2C%7B%22image%22%3A%221272%22%7D%2C%7B%22image%22%3A%221274%22%7D%2C%7B%22image%22%3A%221273%22%7D%2C%7B%22image%22%3A%221275%22%7D%2C%7B%22image%22%3A%221276%22%7D%2C%7B%22image%22%3A%221277%22%7D%2C%7B%22image%22%3A%221278%22%7D%2C%7B%22image%22%3A%221264%22%7D%5D&#8220;][vc_empty_space height=&#8220;100px&#8220;][\/vc_column][\/vc_row][\/vc_section][vc_section full_width=&#8220;stretch_row&#8220; section_bg_color=&#8220;bg-black&#8220;][vc_row][vc_column][vc_empty_space height=&#8220;100px&#8220;][vc_column_text css=&#8220;&#8220;]<\/p>\n<h2><span style=\"color: #ffffff;\">SprintRace geht in die n\u00e4chste Runde.<\/span><\/h2>\n<p>[\/vc_column_text][vc_column_text css=&#8220;&#8220;]<span style=\"color: #ffffff;\">Auch 2027 bringen wir digitale Zahnmedizin, starke Speaker und ein einzigartiges Erlebnisformat wieder auf die Strecke \u2013 an einem neuen, besonderen Ort.<\/span><\/p>\n<p><span style=\"color: #ffffff;\">Die Details folgen in K\u00fcrze.<\/span><\/p>\n<p><span style=\"color: #ffffff;\">Bleiben Sie gespannt \u2013 wir halten Sie auf dem Laufenden.<\/span>[\/vc_column_text][vc_empty_space height=&#8220;30px&#8220;][vc_raw_js]JTNDc2NyaXB0JTIwY2hhcnNldCUzRCUyMnV0Zi04JTIyJTIwdHlwZSUzRCUyMnRleHQlMkZqYXZhc2NyaXB0JTIyJTIwc3JjJTNEJTIyJTJGJTJGanMuaHNmb3Jtcy5uZXQlMkZmb3JtcyUyRmVtYmVkJTJGdjIuanMlMjIlM0UlM0MlMkZzY3JpcHQlM0UlMEQlMEElM0NzY3JpcHQlM0UlMEQlMEElMjAlMjBoYnNwdC5mb3Jtcy5jcmVhdGUlMjglN0IlMEQlMEElMjAlMjAlMjAlMjBwb3J0YWxJZCUzQSUyMCUyMjIwNDE3MTM0JTIyJTJDJTBEJTBBJTIwJTIwJTIwJTIwZm9ybUlkJTNBJTIwJTIyODkwMWM3ZjItZTE2YS00ZTA4LWJmMzEtZTgxYjk3ZmEyZTBjJTIyJTJDJTBEJTBBJTIwJTIwJTIwJTIwcmVnaW9uJTNBJTIwJTIybmExJTIyJTJDJTBEJTBBJTIwJTIwJTIwJTIwc2ZkY0NhbXBhaWduSWQlM0ElMjAlMjI3MDFSbjAwMDAwcng3UzJJQUklMjIlMEQlMEElMjAlMjAlN0QlMjklM0IlMEQlMEElM0MlMkZzY3JpcHQlM0U=[\/vc_raw_js][vc_empty_space height=&#8220;100px&#8220;][\/vc_column][\/vc_row][\/vc_section][vc_section full_width=&#8220;stretch_row&#8220; css=&#8220;.vc_custom_1772794969254{background-image: url(https:\/\/sprintrace.com\/it-it\/wp-content\/uploads\/sites\/3\/2025\/11\/racing-circuit-3.png?id=755) !important;background-position: center !important;background-repeat: no-repeat !important;background-size: cover !important;}&#8220;][vc_row][vc_column][vc_empty_space height=&#8220;300px&#8220;][\/vc_column][\/vc_row][\/vc_section]<\/p>\n<\/div>","protected":false},"excerpt":{"rendered":"<p>[vc_section full_width=&#8220;stretch_row&#8220; css=&#8220;.vc_custom_1777542639732{background: #0a0a0a url(https:\/\/sprintrace.com\/de-de\/wp-content\/uploads\/sites\/2\/2025\/11\/hockenheimring.png?id=784) !important;background-position: center !important;background-repeat: no-repeat !important;background-size: cover !important;}&#8220;][vc_row][vc_column width=&#8220;1\/2&#8243;][vc_empty_space height=&#8220;547px&#8220; mobile_height=&#8220;250px&#8220; tablet_height=&#8220;450px&#8220;][\/vc_column][vc_column width=&#8220;1\/2&#8243; offset=&#8220;vc_hidden-sm vc_hidden-xs&#8220;][\/vc_column][\/vc_row][\/vc_section][vc_section full_width=&#8220;stretch_row&#8220; section_bg_color=&#8220;section-bg-year-number&#8220; section_year_number=&#8220;2026&#8243; css=&#8220;.vc_custom_1772826041248{background-color: #000000 !important;}&#8220;][vc_row][vc_column width=&#8220;7\/12&#8243;][vc_empty_space height=&#8220;210px&#8220;][vc_column_text css=&#8220;&#8220;] Vielen Dank, dass Sie SprintRace 2026 zu einem au\u00dfergew\u00f6hnlichen Event gemacht haben. [\/vc_column_text][vc_column_text css=&#8220;&#8220;]Es war uns eine gro\u00dfe Freude, so viele Fachleute, Partner und Freunde der SprintRay-Community &hellip; <a href=\"https:\/\/sprintrace.com\/de-de\/\">Continued<\/a><\/p>\n","protected":false},"author":1,"featured_media":0,"parent":0,"menu_order":0,"comment_status":"closed","ping_status":"closed","template":"","meta":{"_acf_changed":false,"footnotes":""},"class_list":["post-1233","page","type-page","status-publish","hentry"],"acf":[],"yoast_head":"<!-- This site is optimized with the Yoast SEO plugin v26.2 - https:\/\/yoast.com\/wordpress\/plugins\/seo\/ -->\n<title>SprintRace 2026 Vielen Dank! - SprintRace DE<\/title>\n<meta name=\"robots\" content=\"index, follow, max-snippet:-1, max-image-preview:large, max-video-preview:-1\" \/>\n<link rel=\"canonical\" href=\"https:\/\/sprintrace.com\/de-de\/\" \/>\n<meta property=\"og:locale\" content=\"de_DE\" \/>\n<meta property=\"og:type\" content=\"article\" \/>\n<meta property=\"og:title\" content=\"SprintRace 2026 Vielen Dank! - SprintRace DE\" \/>\n<meta property=\"og:description\" content=\"[vc_section full_width=&#8220;stretch_row&#8220; css=&#8220;.vc_custom_1777542639732{background: #0a0a0a url(https:\/\/sprintrace.com\/de-de\/wp-content\/uploads\/sites\/2\/2025\/11\/hockenheimring.png?id=784) !important;background-position: center !important;background-repeat: no-repeat !important;background-size: cover !important;}&#8220;][vc_row][vc_column width=&#8220;1\/2&#8243;][vc_empty_space height=&#8220;547px&#8220; mobile_height=&#8220;250px&#8220; tablet_height=&#8220;450px&#8220;][\/vc_column][vc_column width=&#8220;1\/2&#8243; offset=&#8220;vc_hidden-sm vc_hidden-xs&#8220;][\/vc_column][\/vc_row][\/vc_section][vc_section full_width=&#8220;stretch_row&#8220; section_bg_color=&#8220;section-bg-year-number&#8220; section_year_number=&#8220;2026&#8243; css=&#8220;.vc_custom_1772826041248{background-color: #000000 !important;}&#8220;][vc_row][vc_column width=&#8220;7\/12&#8243;][vc_empty_space height=&#8220;210px&#8220;][vc_column_text css=&#8220;&#8220;] Vielen Dank, dass Sie SprintRace 2026 zu einem au\u00dfergew\u00f6hnlichen Event gemacht haben. [\/vc_column_text][vc_column_text css=&#8220;&#8220;]Es war uns eine gro\u00dfe Freude, so viele Fachleute, Partner und Freunde der SprintRay-Community &hellip; Continued\" \/>\n<meta property=\"og:url\" content=\"https:\/\/sprintrace.com\/de-de\/\" \/>\n<meta property=\"og:site_name\" content=\"SprintRace DE\" \/>\n<meta property=\"article:modified_time\" content=\"2026-04-30T10:03:17+00:00\" \/>\n<meta name=\"twitter:card\" content=\"summary_large_image\" \/>\n<meta name=\"twitter:label1\" content=\"Gesch\u00e4tzte Lesezeit\" \/>\n\t<meta name=\"twitter:data1\" content=\"2\u00a0Minuten\" \/>\n<script type=\"application\/ld+json\" class=\"yoast-schema-graph\">{\"@context\":\"https:\/\/schema.org\",\"@graph\":[{\"@type\":\"WebPage\",\"@id\":\"https:\/\/sprintrace.com\/de-de\/\",\"url\":\"https:\/\/sprintrace.com\/de-de\/\",\"name\":\"SprintRace 2026 Vielen Dank! - SprintRace DE\",\"isPartOf\":{\"@id\":\"https:\/\/sprintrace.es\/#website\"},\"datePublished\":\"2026-04-30T09:12:38+00:00\",\"dateModified\":\"2026-04-30T10:03:17+00:00\",\"breadcrumb\":{\"@id\":\"https:\/\/sprintrace.com\/de-de\/#breadcrumb\"},\"inLanguage\":\"de\",\"potentialAction\":[{\"@type\":\"ReadAction\",\"target\":[\"https:\/\/sprintrace.com\/de-de\/\"]}]},{\"@type\":\"BreadcrumbList\",\"@id\":\"https:\/\/sprintrace.com\/de-de\/#breadcrumb\",\"itemListElement\":[{\"@type\":\"ListItem\",\"position\":1,\"name\":\"Home\",\"item\":\"https:\/\/sprintrace.com\/de-de\/\"},{\"@type\":\"ListItem\",\"position\":2,\"name\":\"SprintRace 2026 Vielen Dank!\"}]},{\"@type\":\"WebSite\",\"@id\":\"https:\/\/sprintrace.es\/#website\",\"url\":\"https:\/\/sprintrace.es\/\",\"name\":\"SprintRace DE\",\"description\":\"\",\"potentialAction\":[{\"@type\":\"SearchAction\",\"target\":{\"@type\":\"EntryPoint\",\"urlTemplate\":\"https:\/\/sprintrace.es\/?s={search_term_string}\"},\"query-input\":{\"@type\":\"PropertyValueSpecification\",\"valueRequired\":true,\"valueName\":\"search_term_string\"}}],\"inLanguage\":\"de\"}]}<\/script>\n<!-- \/ Yoast SEO plugin. -->","yoast_head_json":{"title":"SprintRace 2026 Vielen Dank! - SprintRace DE","robots":{"index":"index","follow":"follow","max-snippet":"max-snippet:-1","max-image-preview":"max-image-preview:large","max-video-preview":"max-video-preview:-1"},"canonical":"https:\/\/sprintrace.com\/de-de\/","og_locale":"de_DE","og_type":"article","og_title":"SprintRace 2026 Vielen Dank! - SprintRace DE","og_description":"[vc_section full_width=&#8220;stretch_row&#8220; css=&#8220;.vc_custom_1777542639732{background: #0a0a0a url(https:\/\/sprintrace.com\/de-de\/wp-content\/uploads\/sites\/2\/2025\/11\/hockenheimring.png?id=784) !important;background-position: center !important;background-repeat: no-repeat !important;background-size: cover !important;}&#8220;][vc_row][vc_column width=&#8220;1\/2&#8243;][vc_empty_space height=&#8220;547px&#8220; mobile_height=&#8220;250px&#8220; tablet_height=&#8220;450px&#8220;][\/vc_column][vc_column width=&#8220;1\/2&#8243; offset=&#8220;vc_hidden-sm vc_hidden-xs&#8220;][\/vc_column][\/vc_row][\/vc_section][vc_section full_width=&#8220;stretch_row&#8220; section_bg_color=&#8220;section-bg-year-number&#8220; section_year_number=&#8220;2026&#8243; css=&#8220;.vc_custom_1772826041248{background-color: #000000 !important;}&#8220;][vc_row][vc_column width=&#8220;7\/12&#8243;][vc_empty_space height=&#8220;210px&#8220;][vc_column_text css=&#8220;&#8220;] Vielen Dank, dass Sie SprintRace 2026 zu einem au\u00dfergew\u00f6hnlichen Event gemacht haben. [\/vc_column_text][vc_column_text css=&#8220;&#8220;]Es war uns eine gro\u00dfe Freude, so viele Fachleute, Partner und Freunde der SprintRay-Community &hellip; Continued","og_url":"https:\/\/sprintrace.com\/de-de\/","og_site_name":"SprintRace DE","article_modified_time":"2026-04-30T10:03:17+00:00","twitter_card":"summary_large_image","twitter_misc":{"Gesch\u00e4tzte Lesezeit":"2\u00a0Minuten"},"schema":{"@context":"https:\/\/schema.org","@graph":[{"@type":"WebPage","@id":"https:\/\/sprintrace.com\/de-de\/","url":"https:\/\/sprintrace.com\/de-de\/","name":"SprintRace 2026 Vielen Dank! - SprintRace DE","isPartOf":{"@id":"https:\/\/sprintrace.es\/#website"},"datePublished":"2026-04-30T09:12:38+00:00","dateModified":"2026-04-30T10:03:17+00:00","breadcrumb":{"@id":"https:\/\/sprintrace.com\/de-de\/#breadcrumb"},"inLanguage":"de","potentialAction":[{"@type":"ReadAction","target":["https:\/\/sprintrace.com\/de-de\/"]}]},{"@type":"BreadcrumbList","@id":"https:\/\/sprintrace.com\/de-de\/#breadcrumb","itemListElement":[{"@type":"ListItem","position":1,"name":"Home","item":"https:\/\/sprintrace.com\/de-de\/"},{"@type":"ListItem","position":2,"name":"SprintRace 2026 Vielen Dank!"}]},{"@type":"WebSite","@id":"https:\/\/sprintrace.es\/#website","url":"https:\/\/sprintrace.es\/","name":"SprintRace DE","description":"","potentialAction":[{"@type":"SearchAction","target":{"@type":"EntryPoint","urlTemplate":"https:\/\/sprintrace.es\/?s={search_term_string}"},"query-input":{"@type":"PropertyValueSpecification","valueRequired":true,"valueName":"search_term_string"}}],"inLanguage":"de"}]}},"_links":{"self":[{"href":"https:\/\/sprintrace.com\/de-de\/wp-json\/wp\/v2\/pages\/1233","targetHints":{"allow":["GET"]}}],"collection":[{"href":"https:\/\/sprintrace.com\/de-de\/wp-json\/wp\/v2\/pages"}],"about":[{"href":"https:\/\/sprintrace.com\/de-de\/wp-json\/wp\/v2\/types\/page"}],"author":[{"embeddable":true,"href":"https:\/\/sprintrace.com\/de-de\/wp-json\/wp\/v2\/users\/1"}],"replies":[{"embeddable":true,"href":"https:\/\/sprintrace.com\/de-de\/wp-json\/wp\/v2\/comments?post=1233"}],"version-history":[{"count":12,"href":"https:\/\/sprintrace.com\/de-de\/wp-json\/wp\/v2\/pages\/1233\/revisions"}],"predecessor-version":[{"id":1279,"href":"https:\/\/sprintrace.com\/de-de\/wp-json\/wp\/v2\/pages\/1233\/revisions\/1279"}],"wp:attachment":[{"href":"https:\/\/sprintrace.com\/de-de\/wp-json\/wp\/v2\/media?parent=1233"}],"curies":[{"name":"wp","href":"https:\/\/api.w.org\/{rel}","templated":true}]}}